{"id":7,"date":"2025-11-10T12:18:06","date_gmt":"2025-11-10T12:18:06","guid":{"rendered":"https:\/\/kinoexport.cz\/?page_id=7"},"modified":"2026-04-21T18:44:17","modified_gmt":"2026-04-21T18:44:17","slug":"homepage-2","status":"publish","type":"page","link":"https:\/\/kinoexport.cz\/en\/","title":{"rendered":"Homepage"},"content":{"rendered":"<div class=\"et_pb_section_0 et_pb_section et_section_specialty et_pb_equal_columns et_pb_gutters3 et_block_section\"><div class=\"et_pb_row et_block_row\">\n<div class=\"et_pb_column_0 et_pb_column et_pb_column_single et_pb_column_1_2 et_block_column et_pb_css_mix_blend_mode_passthrough\">\n<div class=\"et_pb_text_0 et_pb_text et_pb_bg_layout_light et_pb_module et_block_module preset--module--divi-text--50e471c4-bae0-4b44-aa39-5e2a7b0b84ee\"><div class=\"et_pb_text_inner\"><h4>SINCE 1991<\/h4>\n<\/div><\/div>\n\n<div class=\"et_pb_text_1 et_pb_text et_pb_bg_layout_light et_pb_module et_block_module preset--module--divi-text--814ae139-86d2-406e-972d-999eb23beb21\"><div class=\"et_pb_text_inner\"><h1>CUSTOM-MADE SEATS<\/h1>\n<\/div><\/div>\n\n<div class=\"et_pb_module et_pb_button_module_wrapper et_pb_button_0_wrapper preset--module--divi-button--d3f8b446-79f9-47b0-a1fe-074bd2d22fca_wrapper\"><a class=\"et_pb_button_0 et_pb_button et_pb_bg_layout_light et_pb_module et_block_module preset--module--divi-button--d3f8b446-79f9-47b0-a1fe-074bd2d22fca\" href=\"#kresla\">TAKE A SEAT<\/a><\/div>\n<\/div>\n\n<div class=\"et_pb_column_1 et_pb_column et_pb_specialty_column et_pb_column_1_2 et-last-child et_block_column et_pb_css_mix_blend_mode_passthrough\">\n<div class=\"et_pb_row_inner_0 et_pb_row_inner et_block_row\">\n<div class=\"et_pb_column_inner_0 et_pb_column_inner et_pb_column et_pb_column_4_4 et-last-child et_block_column et_pb_css_mix_blend_mode_passthrough\">\n<div class=\"et_pb_slider_0 et_pb_slider et_pb_slider_fullwidth_off et_pb_slider_no_arrows et_slider_auto et_slider_auto_ignore_hover et_slider_speed_4000 et_pb_module et_flex_module\"><div class=\"et_pb_slides\">\n<div class=\"et_pb_slide_0 et_pb_slide et_pb_media_alignment_center et_pb_bg_layout_dark\" data-slide-id=\"divi\/slide-0\"><div class=\"et_pb_container\"><div class=\"et_pb_slider_container_inner\"><div class=\"et_pb_slide_description et_flex_module\"><\/div><\/div><\/div><\/div>\n\n<div class=\"et_pb_slide_1 et_pb_slide et_pb_media_alignment_center et_pb_bg_layout_dark\" data-slide-id=\"divi\/slide-1\"><div class=\"et_pb_container\"><div class=\"et_pb_slider_container_inner\"><div class=\"et_pb_slide_description et_flex_module\"><\/div><\/div><\/div><\/div>\n\n<div class=\"et_pb_slide_2 et_pb_slide et_pb_media_alignment_center et_pb_bg_layout_dark\" data-slide-id=\"divi\/slide-2\"><div class=\"et_pb_container\"><div class=\"et_pb_slider_container_inner\"><div class=\"et_pb_slide_description et_flex_module\"><\/div><\/div><\/div><\/div>\n\n<div class=\"et_pb_slide_3 et_pb_slide et_pb_media_alignment_center et_pb_bg_layout_dark\" data-slide-id=\"divi\/slide-3\"><div class=\"et_pb_container\"><div class=\"et_pb_slider_container_inner\"><div class=\"et_pb_slide_description et_flex_module\"><\/div><\/div><\/div><\/div>\n<\/div><\/div>\n<\/div>\n<\/div>\n\n<div class=\"et_pb_row_inner_1 et_pb_row_inner et_block_row onas\" title=\"onas\" id=\"onas\">\n<div class=\"et_pb_column_inner_1 et_pb_column_inner et_pb_column et_pb_column_4_4 et-last-child et_block_column et_pb_css_mix_blend_mode_passthrough\">\n<div class=\"et_pb_text_2 et_pb_text et_pb_bg_layout_light et_pb_module et_block_module preset--module--divi-text--4b4b25af-eb4c-441e-b8fe-209c60004f57\"><div class=\"et_pb_text_inner\"><p><span>Our company specialises in the design, manufacture, sale and installation of top-quality seats for cinemas, theatres, universities, conference halls, sports halls and stadiums.<\/span><br data-start=\"338\" data-end=\"341\" \/><span>We combine modern design, maximum comfort and precise craftsmanship. Our goal is to deliver seating of the highest quality and ergonomics \u2013 at a fair price and with short delivery times.<\/span><\/p>\n<\/div><\/div>\n<\/div>\n<\/div>\n<\/div>\n<\/div><\/div>\n\n<div class=\"et_pb_section_1 et_pb_section et_section_regular et_block_section\" id=\"kresla\">\n<div class=\"et_pb_row_0 et_pb_row et_block_row kresla\" id=\"kresla\">\n<div class=\"et_pb_column_2 et_pb_column et_pb_column_1_3 et_block_column et_pb_css_mix_blend_mode_passthrough et_clickable\">\n<div class=\"et_pb_image_0 et_pb_image et_pb_module et_block_module\"><span class=\"et_pb_image_wrap\"><img loading=\"lazy\" decoding=\"async\" src=\"https:\/\/kinoexport.cz\/wp-content\/uploads\/2025\/11\/photographer-icon-06.png\" width=\"40\" height=\"40\" srcset=\"https:\/\/kinoexport.cz\/wp-content\/uploads\/2025\/11\/photographer-icon-06.png 40w\" sizes=\"(max-width: 40px) 100vw, 40px\" class=\"wp-image-22\" title=\"photographer-icon-06\" \/><\/span><\/div>\n\n<div class=\"et_pb_text_3 et_pb_text et_pb_bg_layout_light et_clickable et_pb_module et_block_module preset--module--divi-text--68d95380-fb00-481a-9d63-0ed9fd3d0251\"><div class=\"et_pb_text_inner\"><h5>CINEMAS<\/h5>\n<\/div><\/div>\n\n<div class=\"et_pb_text_4 et_pb_text et_pb_bg_layout_light et_clickable et_pb_module et_block_module preset--module--divi-text--4b0422a1-4b17-4e02-9296-074b8872ecb4\"><div class=\"et_pb_text_inner\"><p><span>Our cinema seats combine comfort, aesthetics, and durability \u2013 every detail is designed to ensure viewers a perfect film experience from the first minute to the last.<\/span><\/p>\n<\/div><\/div>\n<\/div>\n\n<div class=\"et_pb_column_3 et_pb_column et_pb_column_1_3 et_block_column et_pb_css_mix_blend_mode_passthrough et_clickable\">\n<div class=\"et_pb_image_1 et_pb_image et_pb_module et_block_module\"><span class=\"et_pb_image_wrap\"><img loading=\"lazy\" decoding=\"async\" src=\"https:\/\/kinoexport.cz\/wp-content\/uploads\/2025\/11\/photographer-icon-05.png\" width=\"40\" height=\"40\" srcset=\"https:\/\/kinoexport.cz\/wp-content\/uploads\/2025\/11\/photographer-icon-05.png 40w\" sizes=\"(max-width: 40px) 100vw, 40px\" class=\"wp-image-23\" title=\"photographer-icon-05\" \/><\/span><\/div>\n\n<div class=\"et_pb_text_5 et_pb_text et_pb_bg_layout_light et_clickable et_pb_module et_block_module preset--module--divi-text--68d95380-fb00-481a-9d63-0ed9fd3d0251\"><div class=\"et_pb_text_inner\"><h5>THEATRES<\/h5>\n<\/div><\/div>\n\n<div class=\"et_pb_text_6 et_pb_text et_pb_bg_layout_light et_clickable et_pb_module et_block_module preset--module--divi-text--4b0422a1-4b17-4e02-9296-074b8872ecb4\"><div class=\"et_pb_text_inner\"><p><span>Elegant and ergonomic seats that enhance the atmosphere of the hall and provide comfort to the audience even during the longest performances \u2013 the ideal combination of design and function.<\/span><\/p>\n<\/div><\/div>\n<\/div>\n\n<div class=\"et_pb_column_4 et_pb_column et_pb_column_1_3 et-last-child et_block_column et_pb_css_mix_blend_mode_passthrough et_clickable\">\n<div class=\"et_pb_image_2 et_pb_image et_pb_module et_block_module\"><span class=\"et_pb_image_wrap\"><img loading=\"lazy\" decoding=\"async\" src=\"https:\/\/kinoexport.cz\/wp-content\/uploads\/2025\/11\/studium.png\" width=\"40\" height=\"40\" srcset=\"https:\/\/kinoexport.cz\/wp-content\/uploads\/2025\/11\/studium.png 40w\" sizes=\"(max-width: 40px) 100vw, 40px\" class=\"wp-image-88\" title=\"photographer-icon-04\" \/><\/span><\/div>\n\n<div class=\"et_pb_text_7 et_pb_text et_pb_bg_layout_light et_clickable et_pb_module et_block_module preset--module--divi-text--68d95380-fb00-481a-9d63-0ed9fd3d0251\"><div class=\"et_pb_text_inner\"><h5>UNIVERSITIES<\/h5>\n<\/div><\/div>\n\n<div class=\"et_pb_text_8 et_pb_text et_pb_bg_layout_light et_clickable et_pb_module et_block_module preset--module--divi-text--4b0422a1-4b17-4e02-9296-074b8872ecb4\"><div class=\"et_pb_text_inner\"><p><span>Modern, durable and practical seating for lecture halls and auditoriums \u2013 designed with an emphasis on ergonomics, long-lasting durability and easy maintenance.<\/span><\/p>\n<\/div><\/div>\n<\/div>\n<\/div>\n\n<div class=\"et_pb_row_1 et_pb_row et_block_row\">\n<div class=\"et_pb_column_5 et_pb_column et_pb_column_1_3 et_block_column et_pb_css_mix_blend_mode_passthrough et_clickable\">\n<div class=\"et_pb_image_3 et_pb_image et_pb_module et_block_module\"><span class=\"et_pb_image_wrap\"><img loading=\"lazy\" decoding=\"async\" src=\"https:\/\/kinoexport.cz\/wp-content\/uploads\/2025\/11\/stadion.png\" width=\"40\" height=\"40\" srcset=\"https:\/\/kinoexport.cz\/wp-content\/uploads\/2025\/11\/stadion.png 40w\" sizes=\"(max-width: 40px) 100vw, 40px\" class=\"wp-image-89\" title=\"photographer-icon-03\" \/><\/span><\/div>\n\n<div class=\"et_pb_text_9 et_pb_text et_pb_bg_layout_light et_clickable et_pb_module et_block_module preset--module--divi-text--68d95380-fb00-481a-9d63-0ed9fd3d0251\"><div class=\"et_pb_text_inner\"><h5>SPORTS FACILITIES<\/h5>\n<\/div><\/div>\n\n<div class=\"et_pb_text_10 et_pb_text et_pb_bg_layout_light et_clickable et_pb_module et_block_module preset--module--divi-text--4b0422a1-4b17-4e02-9296-074b8872ecb4\"><div class=\"et_pb_text_inner\"><p><span>Seats that can handle intense emotions and extreme exertion \u2013 robust, safe, and visually attractive solutions for halls and stadiums.<\/span><\/p>\n<\/div><\/div>\n<\/div>\n\n<div class=\"et_pb_column_6 et_pb_column et_pb_column_1_3 et_block_column et_pb_css_mix_blend_mode_passthrough et_clickable\">\n<div class=\"et_pb_image_4 et_pb_image et_pb_module et_block_module\"><span class=\"et_pb_image_wrap\"><img loading=\"lazy\" decoding=\"async\" src=\"https:\/\/kinoexport.cz\/wp-content\/uploads\/2025\/11\/home.png\" width=\"40\" height=\"40\" srcset=\"https:\/\/kinoexport.cz\/wp-content\/uploads\/2025\/11\/home.png 40w\" sizes=\"(max-width: 40px) 100vw, 40px\" class=\"wp-image-90\" title=\"photographer-icon-02\" \/><\/span><\/div>\n\n<div class=\"et_pb_text_11 et_pb_text et_pb_bg_layout_light et_clickable et_pb_module et_block_module preset--module--divi-text--68d95380-fb00-481a-9d63-0ed9fd3d0251\"><div class=\"et_pb_text_inner\"><h5>Home cinema<\/h5>\n<\/div><\/div>\n\n<div class=\"et_pb_text_12 et_pb_text et_pb_bg_layout_light et_clickable et_pb_module et_block_module preset--module--divi-text--4b0422a1-4b17-4e02-9296-074b8872ecb4\"><div class=\"et_pb_text_inner\"><p><span>A luxury home cinema starts with comfortable seating \u2013 combining premium materials, modern design and perfect ergonomics for your personal movie experience.<\/span><\/p>\n<\/div><\/div>\n<\/div>\n\n<div class=\"et_pb_column_7 et_pb_column et_pb_column_1_3 et-last-child et_block_column et_pb_css_mix_blend_mode_passthrough et_clickable\">\n<div class=\"et_pb_image_5 et_pb_image et_pb_module et_block_module\"><span class=\"et_pb_image_wrap\"><img loading=\"lazy\" decoding=\"async\" src=\"https:\/\/kinoexport.cz\/wp-content\/uploads\/2025\/11\/photographer-icon-01.png\" width=\"40\" height=\"40\" srcset=\"https:\/\/kinoexport.cz\/wp-content\/uploads\/2025\/11\/photographer-icon-01.png 40w\" sizes=\"(max-width: 40px) 100vw, 40px\" class=\"wp-image-27\" title=\"photographer-icon-01\" \/><\/span><\/div>\n\n<div class=\"et_pb_text_13 et_pb_text et_pb_bg_layout_light et_clickable et_pb_module et_block_module preset--module--divi-text--68d95380-fb00-481a-9d63-0ed9fd3d0251\"><div class=\"et_pb_text_inner\"><h5>ACCESSORIES<\/h5>\n<\/div><\/div>\n\n<div class=\"et_pb_text_14 et_pb_text et_pb_bg_layout_light et_clickable et_pb_module et_block_module preset--module--divi-text--4b0422a1-4b17-4e02-9296-074b8872ecb4\"><div class=\"et_pb_text_inner\"><p><span>Practical accessories that complement and enhance the comfort of any space \u2013 from folding tables to seat numbering and integrated USB chargers.<\/span><\/p>\n<\/div><\/div>\n<\/div>\n<\/div>\n<\/div>\n\n<div class=\"et_pb_section_2 et_pb_section et_section_regular et_block_section\">\n<div class=\"et_pb_row_2 et_pb_row et_block_row\">\n<div class=\"et_pb_column_8 et_pb_column et_pb_column_1_3 et_block_column et_pb_css_mix_blend_mode_passthrough\">\n<div class=\"et_pb_image_6 et_pb_image et_pb_module et_block_module\"><span class=\"et_pb_image_wrap\"><img loading=\"lazy\" decoding=\"async\" src=\"https:\/\/kinoexport.cz\/wp-content\/uploads\/2025\/11\/kino_23-5.jpg\" width=\"800\" height=\"750\" srcset=\"https:\/\/kinoexport.cz\/wp-content\/uploads\/2025\/11\/kino_23-5.jpg 800w, https:\/\/kinoexport.cz\/wp-content\/uploads\/2025\/11\/kino_23-5-480x450.jpg 480w\" sizes=\"(min-width: 0px) and (max-width: 480px) 480px, (min-width: 481px) 800px, 100vw\" class=\"wp-image-62\" title=\"photographer-23\" \/><\/span><\/div>\n<\/div>\n\n<div class=\"et_pb_column_9 et_pb_column et_pb_column_1_3 et_block_column et_pb_css_mix_blend_mode_passthrough\">\n<div class=\"et_pb_image_7 et_pb_image et_pb_module et_block_module\"><span class=\"et_pb_image_wrap\"><img loading=\"lazy\" decoding=\"async\" src=\"https:\/\/kinoexport.cz\/wp-content\/uploads\/2025\/11\/kino_23-2.jpg\" width=\"800\" height=\"750\" srcset=\"https:\/\/kinoexport.cz\/wp-content\/uploads\/2025\/11\/kino_23-2.jpg 800w, https:\/\/kinoexport.cz\/wp-content\/uploads\/2025\/11\/kino_23-2-480x450.jpg 480w\" sizes=\"(min-width: 0px) and (max-width: 480px) 480px, (min-width: 481px) 800px, 100vw\" class=\"wp-image-59\" title=\"photographer-19\" \/><\/span><\/div>\n<\/div>\n\n<div class=\"et_pb_column_10 et_pb_column et_pb_column_1_3 et-last-child et_block_column et_pb_css_mix_blend_mode_passthrough\">\n<div class=\"et_pb_image_8 et_pb_image et_pb_module et_block_module\"><span class=\"et_pb_image_wrap\"><img loading=\"lazy\" decoding=\"async\" src=\"https:\/\/kinoexport.cz\/wp-content\/uploads\/2025\/11\/kino_23-1.jpg\" width=\"800\" height=\"750\" srcset=\"https:\/\/kinoexport.cz\/wp-content\/uploads\/2025\/11\/kino_23-1.jpg 800w, https:\/\/kinoexport.cz\/wp-content\/uploads\/2025\/11\/kino_23-1-480x450.jpg 480w\" sizes=\"(min-width: 0px) and (max-width: 480px) 480px, (min-width: 481px) 800px, 100vw\" class=\"wp-image-58\" title=\"photographer-18\" \/><\/span><\/div>\n<\/div>\n<\/div>\n\n<div class=\"et_pb_row_3 et_pb_row et_flex_row\">\n<div class=\"et_pb_column_11 et_pb_column et-last-child et_flex_column et_pb_css_mix_blend_mode_passthrough et_flex_column_24_24 et_flex_column_24_24_tablet et_flex_column_24_24_phone\">\n<div class=\"et_pb_image_9 et_pb_image et_pb_module et_block_module\"><span class=\"et_pb_image_wrap\"><img loading=\"lazy\" decoding=\"async\" src=\"https:\/\/kinoexport.cz\/wp-content\/uploads\/2026\/01\/DJI_0868-2__LR.jpg\" width=\"1311\" height=\"772\" srcset=\"https:\/\/kinoexport.cz\/wp-content\/uploads\/2026\/01\/DJI_0868-2__LR.jpg 1311w, https:\/\/kinoexport.cz\/wp-content\/uploads\/2026\/01\/DJI_0868-2__LR-1280x754.jpg 1280w, https:\/\/kinoexport.cz\/wp-content\/uploads\/2026\/01\/DJI_0868-2__LR-980x577.jpg 980w, https:\/\/kinoexport.cz\/wp-content\/uploads\/2026\/01\/DJI_0868-2__LR-480x283.jpg 480w\" sizes=\"(min-width: 0px) and (max-width: 480px) 480px, (min-width: 481px) and (max-width: 980px) 980px, (min-width: 981px) and (max-width: 1280px) 1280px, (min-width: 1281px) 1311px, 100vw\" class=\"wp-image-1037\" title=\"photographer-24\" \/><\/span><\/div>\n<\/div>\n<\/div>\n<\/div>\n\n<div class=\"et_pb_section_3 et_pb_section et_section_regular et_flex_section\">\n<div class=\"et_pb_row_4 et_pb_row et_flex_row novinky\" id=\"novinky\">\n<div class=\"et_pb_column_12 et_pb_column et-last-child et_flex_column et_pb_css_mix_blend_mode_passthrough et_flex_column_24_24 et_flex_column_24_24_tablet et_flex_column_24_24_phone\">\n<div class=\"et_pb_text_15 et_pb_text et_pb_bg_layout_light et_pb_module et_block_module preset--module--divi-text--814ae139-86d2-406e-972d-999eb23beb21\"><div class=\"et_pb_text_inner\"><h2>NEWS<\/h2>\n<\/div><\/div>\n\n<div class=\"et_pb_blog_0 et_pb_blog et_pb_bg_layout_light et_pb_posts et_pb_module\"><div class=\"et_pb_ajax_pagination_container\"><div class=\"et_pb_posts et_grid_module\"><article class=\"et_pb_post et_pb_post_id_1322 clearfix et_pb_has_overlay et_pb_blog_item_0_0 post-1322 post type-post status-publish format-standard has-post-thumbnail hentry category-uncategorized\"><div class=\"et_pb_image_container\"><a href=\"https:\/\/kinoexport.cz\/en\/uncategorized\/modernizace-salu-filmgalerie-im-leeren-beutel\/\" class=\"entry-featured-image-url\"><img loading=\"lazy\" decoding=\"async\" src=\"https:\/\/kinoexport.cz\/wp-content\/uploads\/2026\/04\/web-foto-scaled.png\" width=\"400\" height=\"284\" alt=\"Regensburg-Filmgalerie im Leeren Beutel\" class=\"\" srcset=\"https:\/\/kinoexport.cz\/wp-content\/uploads\/2026\/04\/web-foto-scaled.png 479w, https:\/\/kinoexport.cz\/wp-content\/uploads\/2026\/04\/web-foto-400x284.png 480w\" sizes=\"(max-width:479px) 479px, 100vw\" \/><span data-icon=\"T\" class=\"et_overlay et_pb_inline_icon\"><\/span><\/a><\/div><h2 class=\"entry-title\"><a href=\"https:\/\/kinoexport.cz\/en\/uncategorized\/modernizace-salu-filmgalerie-im-leeren-beutel\/\">Regensburg-Filmgalerie im Leeren Beutel<\/a><\/h2><p class=\"post-meta\"><\/p><div class=\"post-content\"><div class=\"post-content-inner\"><p>MODERNIZACE S\u00c1LU<\/p>\n<\/div><\/div><\/article><article class=\"et_pb_post et_pb_post_id_1048 clearfix et_pb_has_overlay et_pb_blog_item_0_1 post-1048 post type-post status-publish format-standard has-post-thumbnail hentry category-uncategorized\"><div class=\"et_pb_image_container\"><a href=\"https:\/\/kinoexport.cz\/en\/uncategorized\/nizozemsko-delft-nl\/\" class=\"entry-featured-image-url\"><img loading=\"lazy\" decoding=\"async\" src=\"https:\/\/kinoexport.cz\/wp-content\/uploads\/2026\/02\/DSC04429-scaled.jpg\" width=\"400\" height=\"284\" alt=\"Nizozemsko &#8211; FILMHUIS LUMEN DELFT (NL)\" class=\"\" srcset=\"https:\/\/kinoexport.cz\/wp-content\/uploads\/2026\/02\/DSC04429-scaled.jpg 479w, https:\/\/kinoexport.cz\/wp-content\/uploads\/2026\/02\/DSC04429-400x284.jpg 480w\" sizes=\"(max-width:479px) 479px, 100vw\" \/><span data-icon=\"T\" class=\"et_overlay et_pb_inline_icon\"><\/span><\/a><\/div><h2 class=\"entry-title\"><a href=\"https:\/\/kinoexport.cz\/en\/uncategorized\/nizozemsko-delft-nl\/\">Nizozemsko &#8211; FILMHUIS LUMEN DELFT (NL)<\/a><\/h2><p class=\"post-meta\"><\/p><div class=\"post-content\"><div class=\"post-content-inner\"><p>MODERNIZACE S\u00c1LU<\/p>\n<\/div><\/div><\/article><article class=\"et_pb_post et_pb_post_id_876 clearfix et_pb_has_overlay et_pb_blog_item_0_2 post-876 post type-post status-publish format-standard has-post-thumbnail hentry category-uncategorized\"><div class=\"et_pb_image_container\"><a href=\"https:\/\/kinoexport.cz\/en\/uncategorized\/praha-divadlo-spejbla-a-hurvinka-cz\/\" class=\"entry-featured-image-url\"><img loading=\"lazy\" decoding=\"async\" src=\"https:\/\/kinoexport.cz\/wp-content\/uploads\/2026\/01\/WhatsApp-Image-2026-01-08-at-19.41.12-2.jpeg\" width=\"400\" height=\"284\" alt=\"Praha &#8211; Divadlo Spejbla a Hurv\u00ednka (CZ)\" class=\"\" srcset=\"https:\/\/kinoexport.cz\/wp-content\/uploads\/2026\/01\/WhatsApp-Image-2026-01-08-at-19.41.12-2.jpeg 479w, https:\/\/kinoexport.cz\/wp-content\/uploads\/2026\/01\/WhatsApp-Image-2026-01-08-at-19.41.12-2-400x284.jpeg 480w\" sizes=\"(max-width:479px) 479px, 100vw\" \/><span data-icon=\"T\" class=\"et_overlay et_pb_inline_icon\"><\/span><\/a><\/div><h2 class=\"entry-title\"><a href=\"https:\/\/kinoexport.cz\/en\/uncategorized\/praha-divadlo-spejbla-a-hurvinka-cz\/\">Praha &#8211; Divadlo Spejbla a Hurv\u00ednka (CZ)<\/a><\/h2><p class=\"post-meta\"><\/p><div class=\"post-content\"><div class=\"post-content-inner\"><p>MODERNIZACE S\u00c1LU<\/p>\n<\/div><\/div><\/article><\/div><\/div><\/div>\n\n<div class=\"et_pb_module et_pb_button_module_wrapper et_pb_button_1_wrapper preset--module--divi-button--d3f8b446-79f9-47b0-a1fe-074bd2d22fca_wrapper\"><a class=\"et_pb_button_1 et_pb_button et_pb_bg_layout_light et_pb_module et_block_module preset--module--divi-button--d3f8b446-79f9-47b0-a1fe-074bd2d22fca\" href=\"https:\/\/kinoexport.cz\/en\/novinky-archiv\/\">Discover more of our latest news.<\/a><\/div>\n<\/div>\n<\/div>\n<\/div>\n\n<div class=\"et_pb_section_4 et_pb_section et_section_regular et_block_section\">\n<div class=\"et_pb_row_5 et_pb_row et_block_row reference\" id=\"reference\">\n<div class=\"et_pb_column_13 et_pb_column et_pb_column_4_4 et-last-child et_block_column et_pb_css_mix_blend_mode_passthrough\">\n<div class=\"et_pb_icon_0 et_pb_icon et_pb_module et_block_module\"><span class=\"et_pb_icon_wrap\"><span class=\"et-pb-icon\">\uf10d<\/span><\/span><\/div>\n\n<div class=\"et_pb_slider_1 et_pb_slider et_pb_slider_fullwidth_off et_pb_module et_block_module preset--module--divi-slider--81aba56c-12e3-4349-8595-d3e4eeb34023\"><div class=\"et_pb_slides\">\n<div class=\"et_pb_slide_4 et_pb_slide et_pb_media_alignment_center et_pb_bg_layout_dark\" data-slide-id=\"divi\/slide-4\"><div class=\"et_pb_container\"><div class=\"et_pb_slider_container_inner\"><div class=\"et_pb_slide_description\"><h2 class=\"et_pb_slide_title\">Alena Pajko\u0161ov\u00e1 - M\u011bsto BRUNT\u00c1L<\/h2><div class=\"et_pb_slide_content\"><p style=\"font-weight: 400;\">The new seats are beautiful and comfortable, and we hope they will serve our theatre and delight our audiences for many seasons to come.<\/p>\n<p style=\"font-weight: 400;\">Thank you for your patience, cooperation, and kindness throughout the project.<\/p>\n<\/div><\/div><\/div><\/div><\/div>\n\n<div class=\"et_pb_slide_5 et_pb_slide et_pb_media_alignment_center et_pb_bg_layout_dark\" data-slide-id=\"divi\/slide-5\"><div class=\"et_pb_container\"><div class=\"et_pb_slider_container_inner\"><div class=\"et_pb_slide_description et_flex_module\"><h2 class=\"et_pb_slide_title\">MgA. Lenka Tes\u00e1\u010dkov\u00e1 - N\u00e1rodn\u00ed divadlo Brno<\/h2><div class=\"et_pb_slide_content\"><p>In 2024\u20132025, as part of our summer renovation programme, we carried out a gradual modernization of the auditorium, including the complete replacement of the seating. Due to the large number of seats (1,100), the project was implemented in two phases during the summer months, alongside other time\u2011sensitive renovation works.<br \/>Kinoexport was selected through a competitive tender process. The scope of the contract included the removal of the original seats and the production of new ones.<br \/>A key requirement was strict adherence to the original interior design: as the theatre is a listed building, the client required seats identical to those installed at the theatre\u2019s opening in 1965.<br \/>The project was completed fully in accordance with the specifications, without defects or outstanding work, and to the satisfaction of both the client and the audience.<\/p>\n<\/div><\/div><\/div><\/div><\/div>\n\n<div class=\"et_pb_slide_6 et_pb_slide et_pb_media_alignment_center et_pb_bg_layout_dark\" data-slide-id=\"divi\/slide-6\"><div class=\"et_pb_container\"><div class=\"et_pb_slider_container_inner\"><div class=\"et_pb_slide_description et_flex_module\"><h2 class=\"et_pb_slide_title\">David Jano\u0161ek, Divadlo Spejbla a Hurv\u00ednka<\/h2><div class=\"et_pb_slide_content\"><p>Kinoexport proved to be a reliable supplier that fulfilled 100% of the contract requirements and exceeded expectations through its professionalism, service, and dependability. The quality of workmanship and the level of customer service provided were exceptional. We sincerely thank Kinoexport for their excellent cooperation.<\/p>\n<\/div><\/div><\/div><\/div><\/div>\n\n<div class=\"et_pb_slide_7 et_pb_slide et_pb_media_alignment_center et_pb_bg_layout_dark\" data-slide-id=\"divi\/slide-7\"><div class=\"et_pb_container\"><div class=\"et_pb_slider_container_inner\"><div class=\"et_pb_slide_description et_flex_module\"><h2 class=\"et_pb_slide_title\">Karel Pape\u017e\u00edk, Divadlo Zl\u00edn<\/h2><div class=\"et_pb_slide_content\"><div>We evaluate our collaboration with Kinoexport on the Zl\u00edn City Theatre project very positively. The delivery of 510 seats was distinguished by high\u2011quality craftsmanship, premium upholstery, and elegant wooden detailing.<\/div>\n<div>Installation took place in August 2023 and was completed smoothly and on schedule. Kinoexport\u2019s role as general contractor was a significant advantage, as the company efficiently coordinated and executed additional trades, particularly flooring and wall works, including the sequencing of individual tasks.<\/div>\n<div>We can unequivocally recommend Kinoexport as a professional and reliable partner.<\/div>\n<\/div><\/div><\/div><\/div><\/div>\n\n<div class=\"et_pb_slide_8 et_pb_slide et_pb_media_alignment_center et_pb_bg_layout_dark\" data-slide-id=\"divi\/slide-8\"><div class=\"et_pb_container\"><div class=\"et_pb_slider_container_inner\"><div class=\"et_pb_slide_description et_flex_module\"><h2 class=\"et_pb_slide_title\">Jan Proch\u00e1zka, Premiere Cinemas<\/h2><div class=\"et_pb_slide_content\"><p><span>Our cooperation with Kinoexport has always been completely trouble-free. The seats for our newest multiplex in Karlovy Vary, as well as all other delivered projects, have met our expectations both in terms of quality and delivery timelines. I appreciate their professional approach, reliability, and helpful communication. I am happy to work with Kinoexport and can highly recommend them.<\/span><\/p>\n<\/div><\/div><\/div><\/div><\/div>\n<\/div><\/div>\n<\/div>\n<\/div>\n<\/div>","protected":false},"excerpt":{"rendered":"","protected":false},"author":1,"featured_media":0,"parent":0,"menu_order":0,"comment_status":"closed","ping_status":"closed","template":"","meta":{"footnotes":""},"class_list":["post-7","page","type-page","status-publish","hentry"],"acpt":null,"_links":{"self":[{"href":"https:\/\/kinoexport.cz\/en\/wp-json\/wp\/v2\/pages\/7","targetHints":{"allow":["GET"]}}],"collection":[{"href":"https:\/\/kinoexport.cz\/en\/wp-json\/wp\/v2\/pages"}],"about":[{"href":"https:\/\/kinoexport.cz\/en\/wp-json\/wp\/v2\/types\/page"}],"author":[{"embeddable":true,"href":"https:\/\/kinoexport.cz\/en\/wp-json\/wp\/v2\/users\/1"}],"replies":[{"embeddable":true,"href":"https:\/\/kinoexport.cz\/en\/wp-json\/wp\/v2\/comments?post=7"}],"version-history":[{"count":52,"href":"https:\/\/kinoexport.cz\/en\/wp-json\/wp\/v2\/pages\/7\/revisions"}],"predecessor-version":[{"id":1367,"href":"https:\/\/kinoexport.cz\/en\/wp-json\/wp\/v2\/pages\/7\/revisions\/1367"}],"wp:attachment":[{"href":"https:\/\/kinoexport.cz\/en\/wp-json\/wp\/v2\/media?parent=7"}],"curies":[{"name":"wp","href":"https:\/\/api.w.org\/{rel}","templated":true}]}}