{"id":7,"date":"2025-11-10T12:18:06","date_gmt":"2025-11-10T12:18:06","guid":{"rendered":"https:\/\/kinoexport.cz\/?page_id=7"},"modified":"2026-04-21T18:44:17","modified_gmt":"2026-04-21T18:44:17","slug":"homepage-2","status":"publish","type":"page","link":"https:\/\/kinoexport.cz\/de\/","title":{"rendered":"Homepage"},"content":{"rendered":"<div class=\"et_pb_section_0 et_pb_section et_section_specialty et_pb_equal_columns et_pb_gutters3 et_block_section\"><div class=\"et_pb_row et_block_row\">\n<div class=\"et_pb_column_0 et_pb_column et_pb_column_single et_pb_column_1_2 et_block_column et_pb_css_mix_blend_mode_passthrough\">\n<div class=\"et_pb_text_0 et_pb_text et_pb_bg_layout_light et_pb_module et_block_module preset--module--divi-text--50e471c4-bae0-4b44-aa39-5e2a7b0b84ee\"><div class=\"et_pb_text_inner\"><h4>SEIT 1991<\/h4>\n<\/div><\/div>\n\n<div class=\"et_pb_text_1 et_pb_text et_pb_bg_layout_light et_pb_module et_block_module preset--module--divi-text--814ae139-86d2-406e-972d-999eb23beb21\"><div class=\"et_pb_text_inner\"><h1>MASSGEFERTIGTE SITZE<\/h1>\n<\/div><\/div>\n\n<div class=\"et_pb_module et_pb_button_module_wrapper et_pb_button_0_wrapper preset--module--divi-button--d3f8b446-79f9-47b0-a1fe-074bd2d22fca_wrapper\"><a class=\"et_pb_button_0 et_pb_button et_pb_bg_layout_light et_pb_module et_block_module preset--module--divi-button--d3f8b446-79f9-47b0-a1fe-074bd2d22fca\" href=\"#kresla\">NEHMEN SIE BEQUEM PLATZ<\/a><\/div>\n<\/div>\n\n<div class=\"et_pb_column_1 et_pb_column et_pb_specialty_column et_pb_column_1_2 et-last-child et_block_column et_pb_css_mix_blend_mode_passthrough\">\n<div class=\"et_pb_row_inner_0 et_pb_row_inner et_block_row\">\n<div class=\"et_pb_column_inner_0 et_pb_column_inner et_pb_column et_pb_column_4_4 et-last-child et_block_column et_pb_css_mix_blend_mode_passthrough\">\n<div class=\"et_pb_slider_0 et_pb_slider et_pb_slider_fullwidth_off et_pb_slider_no_arrows et_slider_auto et_slider_auto_ignore_hover et_slider_speed_4000 et_pb_module et_flex_module\"><div class=\"et_pb_slides\">\n<div class=\"et_pb_slide_0 et_pb_slide et_pb_media_alignment_center et_pb_bg_layout_dark\" data-slide-id=\"divi\/slide-0\"><div class=\"et_pb_container\"><div class=\"et_pb_slider_container_inner\"><div class=\"et_pb_slide_description et_flex_module\"><\/div><\/div><\/div><\/div>\n\n<div class=\"et_pb_slide_1 et_pb_slide et_pb_media_alignment_center et_pb_bg_layout_dark\" data-slide-id=\"divi\/slide-1\"><div class=\"et_pb_container\"><div class=\"et_pb_slider_container_inner\"><div class=\"et_pb_slide_description et_flex_module\"><\/div><\/div><\/div><\/div>\n\n<div class=\"et_pb_slide_2 et_pb_slide et_pb_media_alignment_center et_pb_bg_layout_dark\" data-slide-id=\"divi\/slide-2\"><div class=\"et_pb_container\"><div class=\"et_pb_slider_container_inner\"><div class=\"et_pb_slide_description et_flex_module\"><\/div><\/div><\/div><\/div>\n\n<div class=\"et_pb_slide_3 et_pb_slide et_pb_media_alignment_center et_pb_bg_layout_dark\" data-slide-id=\"divi\/slide-3\"><div class=\"et_pb_container\"><div class=\"et_pb_slider_container_inner\"><div class=\"et_pb_slide_description et_flex_module\"><\/div><\/div><\/div><\/div>\n<\/div><\/div>\n<\/div>\n<\/div>\n\n<div class=\"et_pb_row_inner_1 et_pb_row_inner et_block_row onas\" title=\"onas\" id=\"onas\">\n<div class=\"et_pb_column_inner_1 et_pb_column_inner et_pb_column et_pb_column_4_4 et-last-child et_block_column et_pb_css_mix_blend_mode_passthrough\">\n<div class=\"et_pb_text_2 et_pb_text et_pb_bg_layout_light et_pb_module et_block_module preset--module--divi-text--4b4b25af-eb4c-441e-b8fe-209c60004f57\"><div class=\"et_pb_text_inner\"><p><span>Unser Unternehmen ist spezialisiert auf Entwicklung, Produktion, Verkauf und Montage erstklassiger Sitzsysteme f\u00fcr Kinos, Theater, Universit\u00e4ten, Kongresss\u00e4le, Sporthallen und Stadien.<\/span><br data-start=\"338\" data-end=\"341\" \/><span>Wir verbinden modernes Design, maximalen Komfort und pr\u00e4zise Verarbeitung. Unser Ziel ist es, Sitzl\u00f6sungen in h\u00f6chster Qualit\u00e4t und Ergonomie anzubieten \u2013 zu fairen Preisen und mit kurzen Lieferzeiten.<\/span><\/p>\n<\/div><\/div>\n<\/div>\n<\/div>\n<\/div>\n<\/div><\/div>\n\n<div class=\"et_pb_section_1 et_pb_section et_section_regular et_block_section\" id=\"kresla\">\n<div class=\"et_pb_row_0 et_pb_row et_block_row kresla\" id=\"kresla\">\n<div class=\"et_pb_column_2 et_pb_column et_pb_column_1_3 et_block_column et_pb_css_mix_blend_mode_passthrough et_clickable\">\n<div class=\"et_pb_image_0 et_pb_image et_pb_module et_block_module\"><span class=\"et_pb_image_wrap\"><img loading=\"lazy\" decoding=\"async\" src=\"https:\/\/kinoexport.cz\/wp-content\/uploads\/2025\/11\/photographer-icon-06.png\" width=\"40\" height=\"40\" srcset=\"https:\/\/kinoexport.cz\/wp-content\/uploads\/2025\/11\/photographer-icon-06.png 40w\" sizes=\"(max-width: 40px) 100vw, 40px\" class=\"wp-image-22\" title=\"photographer-icon-06\" \/><\/span><\/div>\n\n<div class=\"et_pb_text_3 et_pb_text et_pb_bg_layout_light et_clickable et_pb_module et_block_module preset--module--divi-text--68d95380-fb00-481a-9d63-0ed9fd3d0251\"><div class=\"et_pb_text_inner\"><h5>KINOS<\/h5>\n<\/div><\/div>\n\n<div class=\"et_pb_text_4 et_pb_text et_pb_bg_layout_light et_clickable et_pb_module et_block_module preset--module--divi-text--4b0422a1-4b17-4e02-9296-074b8872ecb4\"><div class=\"et_pb_text_inner\"><p><span>Unsere Kinositze vereinen Komfort, \u00c4sthetik und Robustheit \u2013 jedes Detail ist so gestaltet, dass Zuschauer vom ersten bis zum letzten Moment ein perfektes Filmerlebnis genie\u00dfen.<\/span><\/p>\n<\/div><\/div>\n<\/div>\n\n<div class=\"et_pb_column_3 et_pb_column et_pb_column_1_3 et_block_column et_pb_css_mix_blend_mode_passthrough et_clickable\">\n<div class=\"et_pb_image_1 et_pb_image et_pb_module et_block_module\"><span class=\"et_pb_image_wrap\"><img loading=\"lazy\" decoding=\"async\" src=\"https:\/\/kinoexport.cz\/wp-content\/uploads\/2025\/11\/photographer-icon-05.png\" width=\"40\" height=\"40\" srcset=\"https:\/\/kinoexport.cz\/wp-content\/uploads\/2025\/11\/photographer-icon-05.png 40w\" sizes=\"(max-width: 40px) 100vw, 40px\" class=\"wp-image-23\" title=\"photographer-icon-05\" \/><\/span><\/div>\n\n<div class=\"et_pb_text_5 et_pb_text et_pb_bg_layout_light et_clickable et_pb_module et_block_module preset--module--divi-text--68d95380-fb00-481a-9d63-0ed9fd3d0251\"><div class=\"et_pb_text_inner\"><h5>THEATER<\/h5>\n<\/div><\/div>\n\n<div class=\"et_pb_text_6 et_pb_text et_pb_bg_layout_light et_clickable et_pb_module et_block_module preset--module--divi-text--4b0422a1-4b17-4e02-9296-074b8872ecb4\"><div class=\"et_pb_text_inner\"><p><span>Elegante und ergonomische Sitze, die die Atmosph\u00e4re des Saals unterstreichen und auch bei den l\u00e4ngsten Vorstellungen hohen Komfort bieten \u2013 die ideale Verbindung aus Design und Funktion.<\/span><\/p>\n<\/div><\/div>\n<\/div>\n\n<div class=\"et_pb_column_4 et_pb_column et_pb_column_1_3 et-last-child et_block_column et_pb_css_mix_blend_mode_passthrough et_clickable\">\n<div class=\"et_pb_image_2 et_pb_image et_pb_module et_block_module\"><span class=\"et_pb_image_wrap\"><img loading=\"lazy\" decoding=\"async\" src=\"https:\/\/kinoexport.cz\/wp-content\/uploads\/2025\/11\/studium.png\" width=\"40\" height=\"40\" srcset=\"https:\/\/kinoexport.cz\/wp-content\/uploads\/2025\/11\/studium.png 40w\" sizes=\"(max-width: 40px) 100vw, 40px\" class=\"wp-image-88\" title=\"photographer-icon-04\" \/><\/span><\/div>\n\n<div class=\"et_pb_text_7 et_pb_text et_pb_bg_layout_light et_clickable et_pb_module et_block_module preset--module--divi-text--68d95380-fb00-481a-9d63-0ed9fd3d0251\"><div class=\"et_pb_text_inner\"><h5>UNIVERSIT\u00c4TEN<\/h5>\n<\/div><\/div>\n\n<div class=\"et_pb_text_8 et_pb_text et_pb_bg_layout_light et_clickable et_pb_module et_block_module preset--module--divi-text--4b0422a1-4b17-4e02-9296-074b8872ecb4\"><div class=\"et_pb_text_inner\"><p><span>Moderne, langlebige und praktische Bestuhlung f\u00fcr H\u00f6rs\u00e4le und Aulen \u2013 entwickelt mit Fokus auf Ergonomie, lange Lebensdauer und einfache Pflege.<\/span><\/p>\n<\/div><\/div>\n<\/div>\n<\/div>\n\n<div class=\"et_pb_row_1 et_pb_row et_block_row\">\n<div class=\"et_pb_column_5 et_pb_column et_pb_column_1_3 et_block_column et_pb_css_mix_blend_mode_passthrough et_clickable\">\n<div class=\"et_pb_image_3 et_pb_image et_pb_module et_block_module\"><span class=\"et_pb_image_wrap\"><img loading=\"lazy\" decoding=\"async\" src=\"https:\/\/kinoexport.cz\/wp-content\/uploads\/2025\/11\/stadion.png\" width=\"40\" height=\"40\" srcset=\"https:\/\/kinoexport.cz\/wp-content\/uploads\/2025\/11\/stadion.png 40w\" sizes=\"(max-width: 40px) 100vw, 40px\" class=\"wp-image-89\" title=\"photographer-icon-03\" \/><\/span><\/div>\n\n<div class=\"et_pb_text_9 et_pb_text et_pb_bg_layout_light et_clickable et_pb_module et_block_module preset--module--divi-text--68d95380-fb00-481a-9d63-0ed9fd3d0251\"><div class=\"et_pb_text_inner\"><h5>SPORTST\u00c4TTEN<\/h5>\n<\/div><\/div>\n\n<div class=\"et_pb_text_10 et_pb_text et_pb_bg_layout_light et_clickable et_pb_module et_block_module preset--module--divi-text--4b0422a1-4b17-4e02-9296-074b8872ecb4\"><div class=\"et_pb_text_inner\"><p><span>Sitze, die emotionale H\u00f6hepunkte und extreme Belastungen aushalten \u2013 robuste, sichere und optisch attraktive L\u00f6sungen f\u00fcr Hallen und Stadien.<\/span><\/p>\n<\/div><\/div>\n<\/div>\n\n<div class=\"et_pb_column_6 et_pb_column et_pb_column_1_3 et_block_column et_pb_css_mix_blend_mode_passthrough et_clickable\">\n<div class=\"et_pb_image_4 et_pb_image et_pb_module et_block_module\"><span class=\"et_pb_image_wrap\"><img loading=\"lazy\" decoding=\"async\" src=\"https:\/\/kinoexport.cz\/wp-content\/uploads\/2025\/11\/home.png\" width=\"40\" height=\"40\" srcset=\"https:\/\/kinoexport.cz\/wp-content\/uploads\/2025\/11\/home.png 40w\" sizes=\"(max-width: 40px) 100vw, 40px\" class=\"wp-image-90\" title=\"photographer-icon-02\" \/><\/span><\/div>\n\n<div class=\"et_pb_text_11 et_pb_text et_pb_bg_layout_light et_clickable et_pb_module et_block_module preset--module--divi-text--68d95380-fb00-481a-9d63-0ed9fd3d0251\"><div class=\"et_pb_text_inner\"><h5>Home cinema<\/h5>\n<\/div><\/div>\n\n<div class=\"et_pb_text_12 et_pb_text et_pb_bg_layout_light et_clickable et_pb_module et_block_module preset--module--divi-text--4b0422a1-4b17-4e02-9296-074b8872ecb4\"><div class=\"et_pb_text_inner\"><p><span>Ein luxuri\u00f6ses Heimkino beginnt mit bequemem Sitzen \u2013 wir kombinieren Premium-Materialien, modernes Design und perfekte Ergonomie f\u00fcr Ihr pers\u00f6nliches Filmerlebnis.<\/span><\/p>\n<\/div><\/div>\n<\/div>\n\n<div class=\"et_pb_column_7 et_pb_column et_pb_column_1_3 et-last-child et_block_column et_pb_css_mix_blend_mode_passthrough et_clickable\">\n<div class=\"et_pb_image_5 et_pb_image et_pb_module et_block_module\"><span class=\"et_pb_image_wrap\"><img loading=\"lazy\" decoding=\"async\" src=\"https:\/\/kinoexport.cz\/wp-content\/uploads\/2025\/11\/photographer-icon-01.png\" width=\"40\" height=\"40\" srcset=\"https:\/\/kinoexport.cz\/wp-content\/uploads\/2025\/11\/photographer-icon-01.png 40w\" sizes=\"(max-width: 40px) 100vw, 40px\" class=\"wp-image-27\" title=\"photographer-icon-01\" \/><\/span><\/div>\n\n<div class=\"et_pb_text_13 et_pb_text et_pb_bg_layout_light et_clickable et_pb_module et_block_module preset--module--divi-text--68d95380-fb00-481a-9d63-0ed9fd3d0251\"><div class=\"et_pb_text_inner\"><h5>ZUBEH\u00d6R<\/h5>\n<\/div><\/div>\n\n<div class=\"et_pb_text_14 et_pb_text et_pb_bg_layout_light et_clickable et_pb_module et_block_module preset--module--divi-text--4b0422a1-4b17-4e02-9296-074b8872ecb4\"><div class=\"et_pb_text_inner\"><p><span>Praktisches Zubeh\u00f6r, das jeden Raum erg\u00e4nzt und den Komfort erh\u00f6ht \u2013 von klappbaren Tischen \u00fcber Sitzplatznummerierung bis hin zu integrierten USB-Ladeger\u00e4ten.<\/span><\/p>\n<\/div><\/div>\n<\/div>\n<\/div>\n<\/div>\n\n<div class=\"et_pb_section_2 et_pb_section et_section_regular et_block_section\">\n<div class=\"et_pb_row_2 et_pb_row et_block_row\">\n<div class=\"et_pb_column_8 et_pb_column et_pb_column_1_3 et_block_column et_pb_css_mix_blend_mode_passthrough\">\n<div class=\"et_pb_image_6 et_pb_image et_pb_module et_block_module\"><span class=\"et_pb_image_wrap\"><img loading=\"lazy\" decoding=\"async\" src=\"https:\/\/kinoexport.cz\/wp-content\/uploads\/2025\/11\/kino_23-5.jpg\" width=\"800\" height=\"750\" srcset=\"https:\/\/kinoexport.cz\/wp-content\/uploads\/2025\/11\/kino_23-5.jpg 800w, https:\/\/kinoexport.cz\/wp-content\/uploads\/2025\/11\/kino_23-5-480x450.jpg 480w\" sizes=\"(min-width: 0px) and (max-width: 480px) 480px, (min-width: 481px) 800px, 100vw\" class=\"wp-image-62\" title=\"photographer-23\" \/><\/span><\/div>\n<\/div>\n\n<div class=\"et_pb_column_9 et_pb_column et_pb_column_1_3 et_block_column et_pb_css_mix_blend_mode_passthrough\">\n<div class=\"et_pb_image_7 et_pb_image et_pb_module et_block_module\"><span class=\"et_pb_image_wrap\"><img loading=\"lazy\" decoding=\"async\" src=\"https:\/\/kinoexport.cz\/wp-content\/uploads\/2025\/11\/kino_23-2.jpg\" width=\"800\" height=\"750\" srcset=\"https:\/\/kinoexport.cz\/wp-content\/uploads\/2025\/11\/kino_23-2.jpg 800w, https:\/\/kinoexport.cz\/wp-content\/uploads\/2025\/11\/kino_23-2-480x450.jpg 480w\" sizes=\"(min-width: 0px) and (max-width: 480px) 480px, (min-width: 481px) 800px, 100vw\" class=\"wp-image-59\" title=\"photographer-19\" \/><\/span><\/div>\n<\/div>\n\n<div class=\"et_pb_column_10 et_pb_column et_pb_column_1_3 et-last-child et_block_column et_pb_css_mix_blend_mode_passthrough\">\n<div class=\"et_pb_image_8 et_pb_image et_pb_module et_block_module\"><span class=\"et_pb_image_wrap\"><img loading=\"lazy\" decoding=\"async\" src=\"https:\/\/kinoexport.cz\/wp-content\/uploads\/2025\/11\/kino_23-1.jpg\" width=\"800\" height=\"750\" srcset=\"https:\/\/kinoexport.cz\/wp-content\/uploads\/2025\/11\/kino_23-1.jpg 800w, https:\/\/kinoexport.cz\/wp-content\/uploads\/2025\/11\/kino_23-1-480x450.jpg 480w\" sizes=\"(min-width: 0px) and (max-width: 480px) 480px, (min-width: 481px) 800px, 100vw\" class=\"wp-image-58\" title=\"photographer-18\" \/><\/span><\/div>\n<\/div>\n<\/div>\n\n<div class=\"et_pb_row_3 et_pb_row et_flex_row\">\n<div class=\"et_pb_column_11 et_pb_column et-last-child et_flex_column et_pb_css_mix_blend_mode_passthrough et_flex_column_24_24 et_flex_column_24_24_tablet et_flex_column_24_24_phone\">\n<div class=\"et_pb_image_9 et_pb_image et_pb_module et_block_module\"><span class=\"et_pb_image_wrap\"><img loading=\"lazy\" decoding=\"async\" src=\"https:\/\/kinoexport.cz\/wp-content\/uploads\/2026\/01\/DJI_0868-2__LR.jpg\" width=\"1311\" height=\"772\" srcset=\"https:\/\/kinoexport.cz\/wp-content\/uploads\/2026\/01\/DJI_0868-2__LR.jpg 1311w, https:\/\/kinoexport.cz\/wp-content\/uploads\/2026\/01\/DJI_0868-2__LR-1280x754.jpg 1280w, https:\/\/kinoexport.cz\/wp-content\/uploads\/2026\/01\/DJI_0868-2__LR-980x577.jpg 980w, https:\/\/kinoexport.cz\/wp-content\/uploads\/2026\/01\/DJI_0868-2__LR-480x283.jpg 480w\" sizes=\"(min-width: 0px) and (max-width: 480px) 480px, (min-width: 481px) and (max-width: 980px) 980px, (min-width: 981px) and (max-width: 1280px) 1280px, (min-width: 1281px) 1311px, 100vw\" class=\"wp-image-1037\" title=\"photographer-24\" \/><\/span><\/div>\n<\/div>\n<\/div>\n<\/div>\n\n<div class=\"et_pb_section_3 et_pb_section et_section_regular et_flex_section\">\n<div class=\"et_pb_row_4 et_pb_row et_flex_row novinky\" id=\"novinky\">\n<div class=\"et_pb_column_12 et_pb_column et-last-child et_flex_column et_pb_css_mix_blend_mode_passthrough et_flex_column_24_24 et_flex_column_24_24_tablet et_flex_column_24_24_phone\">\n<div class=\"et_pb_text_15 et_pb_text et_pb_bg_layout_light et_pb_module et_block_module preset--module--divi-text--814ae139-86d2-406e-972d-999eb23beb21\"><div class=\"et_pb_text_inner\"><h2>NEUIGKEITEN<\/h2>\n<\/div><\/div>\n\n<div class=\"et_pb_blog_0 et_pb_blog et_pb_bg_layout_light et_pb_posts et_pb_module\"><div class=\"et_pb_ajax_pagination_container\"><div class=\"et_pb_posts et_grid_module\"><article class=\"et_pb_post et_pb_post_id_1322 clearfix et_pb_has_overlay et_pb_blog_item_0_0 post-1322 post type-post status-publish format-standard has-post-thumbnail hentry category-uncategorized\"><div class=\"et_pb_image_container\"><a href=\"https:\/\/kinoexport.cz\/de\/uncategorized\/modernizace-salu-filmgalerie-im-leeren-beutel\/\" class=\"entry-featured-image-url\"><img loading=\"lazy\" decoding=\"async\" src=\"https:\/\/kinoexport.cz\/wp-content\/uploads\/2026\/04\/web-foto-scaled.png\" width=\"400\" height=\"284\" alt=\"Regensburg-Filmgalerie im Leeren Beutel\" class=\"\" srcset=\"https:\/\/kinoexport.cz\/wp-content\/uploads\/2026\/04\/web-foto-scaled.png 479w, https:\/\/kinoexport.cz\/wp-content\/uploads\/2026\/04\/web-foto-400x284.png 480w\" sizes=\"(max-width:479px) 479px, 100vw\" \/><span data-icon=\"T\" class=\"et_overlay et_pb_inline_icon\"><\/span><\/a><\/div><h2 class=\"entry-title\"><a href=\"https:\/\/kinoexport.cz\/de\/uncategorized\/modernizace-salu-filmgalerie-im-leeren-beutel\/\">Regensburg-Filmgalerie im Leeren Beutel<\/a><\/h2><p class=\"post-meta\"><\/p><div class=\"post-content\"><div class=\"post-content-inner\"><p>MODERNIZACE S\u00c1LU<\/p>\n<\/div><\/div><\/article><article class=\"et_pb_post et_pb_post_id_1048 clearfix et_pb_has_overlay et_pb_blog_item_0_1 post-1048 post type-post status-publish format-standard has-post-thumbnail hentry category-uncategorized\"><div class=\"et_pb_image_container\"><a href=\"https:\/\/kinoexport.cz\/de\/uncategorized\/nizozemsko-delft-nl\/\" class=\"entry-featured-image-url\"><img loading=\"lazy\" decoding=\"async\" src=\"https:\/\/kinoexport.cz\/wp-content\/uploads\/2026\/02\/DSC04429-scaled.jpg\" width=\"400\" height=\"284\" alt=\"Nizozemsko &#8211; FILMHUIS LUMEN DELFT (NL)\" class=\"\" srcset=\"https:\/\/kinoexport.cz\/wp-content\/uploads\/2026\/02\/DSC04429-scaled.jpg 479w, https:\/\/kinoexport.cz\/wp-content\/uploads\/2026\/02\/DSC04429-400x284.jpg 480w\" sizes=\"(max-width:479px) 479px, 100vw\" \/><span data-icon=\"T\" class=\"et_overlay et_pb_inline_icon\"><\/span><\/a><\/div><h2 class=\"entry-title\"><a href=\"https:\/\/kinoexport.cz\/de\/uncategorized\/nizozemsko-delft-nl\/\">Nizozemsko &#8211; FILMHUIS LUMEN DELFT (NL)<\/a><\/h2><p class=\"post-meta\"><\/p><div class=\"post-content\"><div class=\"post-content-inner\"><p>MODERNIZACE S\u00c1LU<\/p>\n<\/div><\/div><\/article><article class=\"et_pb_post et_pb_post_id_876 clearfix et_pb_has_overlay et_pb_blog_item_0_2 post-876 post type-post status-publish format-standard has-post-thumbnail hentry category-uncategorized\"><div class=\"et_pb_image_container\"><a href=\"https:\/\/kinoexport.cz\/de\/uncategorized\/praha-divadlo-spejbla-a-hurvinka-cz\/\" class=\"entry-featured-image-url\"><img loading=\"lazy\" decoding=\"async\" src=\"https:\/\/kinoexport.cz\/wp-content\/uploads\/2026\/01\/WhatsApp-Image-2026-01-08-at-19.41.12-2.jpeg\" width=\"400\" height=\"284\" alt=\"Praha &#8211; Divadlo Spejbla a Hurv\u00ednka (CZ)\" class=\"\" srcset=\"https:\/\/kinoexport.cz\/wp-content\/uploads\/2026\/01\/WhatsApp-Image-2026-01-08-at-19.41.12-2.jpeg 479w, https:\/\/kinoexport.cz\/wp-content\/uploads\/2026\/01\/WhatsApp-Image-2026-01-08-at-19.41.12-2-400x284.jpeg 480w\" sizes=\"(max-width:479px) 479px, 100vw\" \/><span data-icon=\"T\" class=\"et_overlay et_pb_inline_icon\"><\/span><\/a><\/div><h2 class=\"entry-title\"><a href=\"https:\/\/kinoexport.cz\/de\/uncategorized\/praha-divadlo-spejbla-a-hurvinka-cz\/\">Praha &#8211; Divadlo Spejbla a Hurv\u00ednka (CZ)<\/a><\/h2><p class=\"post-meta\"><\/p><div class=\"post-content\"><div class=\"post-content-inner\"><p>MODERNIZACE S\u00c1LU<\/p>\n<\/div><\/div><\/article><\/div><\/div><\/div>\n\n<div class=\"et_pb_module et_pb_button_module_wrapper et_pb_button_1_wrapper preset--module--divi-button--d3f8b446-79f9-47b0-a1fe-074bd2d22fca_wrapper\"><a class=\"et_pb_button_1 et_pb_button et_pb_bg_layout_light et_pb_module et_block_module preset--module--divi-button--d3f8b446-79f9-47b0-a1fe-074bd2d22fca\" href=\"https:\/\/kinoexport.cz\/de\/novinky-archiv\/\">Entdecken Sie auch unsere weiteren Neuigkeiten.<\/a><\/div>\n<\/div>\n<\/div>\n<\/div>\n\n<div class=\"et_pb_section_4 et_pb_section et_section_regular et_block_section\">\n<div class=\"et_pb_row_5 et_pb_row et_block_row reference\" id=\"reference\">\n<div class=\"et_pb_column_13 et_pb_column et_pb_column_4_4 et-last-child et_block_column et_pb_css_mix_blend_mode_passthrough\">\n<div class=\"et_pb_icon_0 et_pb_icon et_pb_module et_block_module\"><span class=\"et_pb_icon_wrap\"><span class=\"et-pb-icon\">\uf10d<\/span><\/span><\/div>\n\n<div class=\"et_pb_slider_1 et_pb_slider et_pb_slider_fullwidth_off et_pb_module et_block_module preset--module--divi-slider--81aba56c-12e3-4349-8595-d3e4eeb34023\"><div class=\"et_pb_slides\">\n<div class=\"et_pb_slide_4 et_pb_slide et_pb_media_alignment_center et_pb_bg_layout_dark\" data-slide-id=\"divi\/slide-4\"><div class=\"et_pb_container\"><div class=\"et_pb_slider_container_inner\"><div class=\"et_pb_slide_description\"><h2 class=\"et_pb_slide_title\">Alena Pajko\u0161ov\u00e1 - M\u011bsto BRUNT\u00c1L<\/h2><div class=\"et_pb_slide_content\"><p style=\"font-weight: 400;\">Seda\u010dky jsou kr\u00e1sn\u00e9 a pohodln\u00e9, douf\u00e1m, \u017ee v\u00a0nich odehrajeme spoustu sez\u00f3n k\u00a0spokojenosti v\u0161ech div\u00e1k\u016f.<\/p>\n<p style=\"font-weight: 400;\">D\u011bkuji za trp\u011blivost, spolupr\u00e1ci a vl\u00eddn\u00e9 zach\u00e1zen\u00ed.<\/p>\n<\/div><\/div><\/div><\/div><\/div>\n\n<div class=\"et_pb_slide_5 et_pb_slide et_pb_media_alignment_center et_pb_bg_layout_dark\" data-slide-id=\"divi\/slide-5\"><div class=\"et_pb_container\"><div class=\"et_pb_slider_container_inner\"><div class=\"et_pb_slide_description et_flex_module\"><h2 class=\"et_pb_slide_title\">MgA. Lenka Tes\u00e1\u010dkov\u00e1 - N\u00e1rodn\u00ed divadlo Brno<\/h2><div class=\"et_pb_slide_content\"><p>V letech 2024 -2025 jsme v r\u00e1mci letn\u00edch oprav provedli postupnou modernizaci hledi\u0161tn\u00edch prostor, kter\u00e1 zahrnovala i kompletn\u00ed v\u00fdm\u011bnu seda\u010dek. S ohledem na mno\u017estv\u00ed prvk\u016f (1100 sedadel) jsme realizovali akci ve dvou etap\u00e1ch (v\u017edy v letn\u00edch m\u011bs\u00edc\u00edch), kter\u00e9 i tak byly zna\u010dn\u011b \u010dasov\u011b omezen\u00e9 kv\u016fli dal\u0161\u00edm oprav\u00e1m.<br \/>Sou\u010d\u00e1st\u00ed zak\u00e1zky, pro kterou byl v\u00fdb\u011brov\u00fdm \u0159\u00edzen\u00edm vybr\u00e1n Kinoexport prob\u00edhalo i odstran\u011bn\u00ed star\u00fdch seda\u010dek.<br \/>Podstatnou \u010d\u00e1st\u00ed zad\u00e1n\u00ed bylo vyj\u00edt z p\u016fvodn\u00edho n\u00e1vrhu interi\u00e9ru, divadlo je pam\u00e1tkov\u011b chr\u00e1n\u011bn\u00e9 a byla po\u017eadov\u00e1na v\u00fdroba identick\u00fdch sedadel, kter\u00e1 zde byla od otev\u0159en\u00ed v roce 1965.<br \/>Zak\u00e1zka \u00a0byla realizov\u00e1na dle zad\u00e1n\u00ed bez vad a nedod\u011blk\u016f ke spokojenosti zadavatele i div\u00e1k\u016f.<\/p>\n<\/div><\/div><\/div><\/div><\/div>\n\n<div class=\"et_pb_slide_6 et_pb_slide et_pb_media_alignment_center et_pb_bg_layout_dark\" data-slide-id=\"divi\/slide-6\"><div class=\"et_pb_container\"><div class=\"et_pb_slider_container_inner\"><div class=\"et_pb_slide_description et_flex_module\"><h2 class=\"et_pb_slide_title\">David Jano\u0161ek, Divadlo Spejbla a Hurv\u00ednka<\/h2><div class=\"et_pb_slide_content\"><p>Spolehliv\u00fd dodavatel, kter\u00fd splnil podm\u00ednky zad\u00e1n\u00ed zak\u00e1zky ve 100% a z\u00e1rove\u0148 sv\u00fdm servisem a spolehlivost\u00ed p\u0159ed\u010dil o\u010dek\u00e1v\u00e1n\u00ed nad r\u00e1mec zad\u00e1n\u00ed. Poskytnut\u00fd z\u00e1kaznick\u00fd servis a kvalita zpracov\u00e1n\u00ed je mimo\u0159\u00e1dn\u00e1. D\u011bkuji za spolupr\u00e1ci!<\/p>\n<\/div><\/div><\/div><\/div><\/div>\n\n<div class=\"et_pb_slide_7 et_pb_slide et_pb_media_alignment_center et_pb_bg_layout_dark\" data-slide-id=\"divi\/slide-7\"><div class=\"et_pb_container\"><div class=\"et_pb_slider_container_inner\"><div class=\"et_pb_slide_description et_flex_module\"><h2 class=\"et_pb_slide_title\">Karel Pape\u017e\u00edk, Divadlo Zl\u00edn<\/h2><div class=\"et_pb_slide_content\"><div>Spolupr\u00e1ci se spole\u010dnost\u00ed Kinoexport p\u0159i realizaci v M\u011bstsk\u00e9m divadle Zl\u00edn hodnot\u00edme velmi pozitivn\u011b. Dod\u00e1vka 510 ks seda\u010dek vynik\u00e1 kvalitn\u00edm zpracov\u00e1n\u00edm, pr\u00e9miov\u00fdm \u010daloun\u011bn\u00edm i elegantn\u00edmi d\u0159ev\u011bn\u00fdmi prvky.<\/div>\n<div>Instalace v srpnu 2023 prob\u011bhla hladce a v dohodnut\u00e9m term\u00ednu. Velk\u00fdm p\u0159\u00ednosem byla tak\u00e9 role gener\u00e1ln\u00edho dodavatele, kdy spole\u010dnost zaji\u0161\u0165ovala koordinaci a realizaci dal\u0161\u00edch \u0159emesel, zejm\u00e9na podlah a st\u011bn, v\u010detn\u011b n\u00e1vaznosti jednotliv\u00fdch prac\u00ed.<\/div>\n<div>Spole\u010dnost Kinoexport m\u016f\u017eeme jednozna\u010dn\u011b doporu\u010dit.<\/div>\n<\/div><\/div><\/div><\/div><\/div>\n\n<div class=\"et_pb_slide_8 et_pb_slide et_pb_media_alignment_center et_pb_bg_layout_dark\" data-slide-id=\"divi\/slide-8\"><div class=\"et_pb_container\"><div class=\"et_pb_slider_container_inner\"><div class=\"et_pb_slide_description et_flex_module\"><h2 class=\"et_pb_slide_title\">Jan Proch\u00e1zka, Premiere Cinemas<\/h2><div class=\"et_pb_slide_content\"><p><span>Spolupr\u00e1ce se spole\u010dnost\u00ed Kinoexport byla v\u017edy naprosto bezprobl\u00e9mov\u00e1. Sedadla pro n\u00e1\u0161 nejnov\u011bj\u0161\u00ed multiplex v\u00a0Karlov\u00fdch Varech ale i v\u0161echny ostatn\u00ed dodan\u00e9 zak\u00e1zky splnily na\u0161e o\u010dek\u00e1v\u00e1n\u00ed jak po str\u00e1nce kvality, tak i term\u00edn\u016f dod\u00e1n\u00ed. Oce\u0148uji profesion\u00e1ln\u00ed p\u0159\u00edstup, spolehlivost a vst\u0159\u00edcnou komunikaci. R\u00e1d s firmou Kinoexport spolupracuji a mohu ji jednozna\u010dn\u011b doporu\u010dit.<\/span><\/p>\n<\/div><\/div><\/div><\/div><\/div>\n<\/div><\/div>\n<\/div>\n<\/div>\n<\/div>","protected":false},"excerpt":{"rendered":"","protected":false},"author":1,"featured_media":0,"parent":0,"menu_order":0,"comment_status":"closed","ping_status":"closed","template":"","meta":{"footnotes":""},"class_list":["post-7","page","type-page","status-publish","hentry"],"acpt":null,"_links":{"self":[{"href":"https:\/\/kinoexport.cz\/de\/wp-json\/wp\/v2\/pages\/7","targetHints":{"allow":["GET"]}}],"collection":[{"href":"https:\/\/kinoexport.cz\/de\/wp-json\/wp\/v2\/pages"}],"about":[{"href":"https:\/\/kinoexport.cz\/de\/wp-json\/wp\/v2\/types\/page"}],"author":[{"embeddable":true,"href":"https:\/\/kinoexport.cz\/de\/wp-json\/wp\/v2\/users\/1"}],"replies":[{"embeddable":true,"href":"https:\/\/kinoexport.cz\/de\/wp-json\/wp\/v2\/comments?post=7"}],"version-history":[{"count":52,"href":"https:\/\/kinoexport.cz\/de\/wp-json\/wp\/v2\/pages\/7\/revisions"}],"predecessor-version":[{"id":1367,"href":"https:\/\/kinoexport.cz\/de\/wp-json\/wp\/v2\/pages\/7\/revisions\/1367"}],"wp:attachment":[{"href":"https:\/\/kinoexport.cz\/de\/wp-json\/wp\/v2\/media?parent=7"}],"curies":[{"name":"wp","href":"https:\/\/api.w.org\/{rel}","templated":true}]}}